{"id":16,"date":"2022-08-04T11:53:07","date_gmt":"2022-08-04T08:53:07","guid":{"rendered":"https:\/\/betunlim.info\/?page_id=16"},"modified":"2022-08-04T11:53:07","modified_gmt":"2022-08-04T08:53:07","slug":"betunlim-giris","status":"publish","type":"page","link":"https:\/\/betunlim.info\/index.php\/betunlim-giris\/","title":{"rendered":"Betunlim Giri\u015f"},"content":{"rendered":"<h2>Betunlim Giri\u015f<\/h2>\n<p>Betunlim Giri\u015f sitelerinde \u00e7ok fazla dikkat edilmese Betunlim Giri\u015f de lisans konusu olduk\u00e7a \u00f6nemlidir. Favori bahis sitenizin kesinlikle bir lisans\u0131 olmal\u0131d\u0131r. Betunlim lisansl\u0131 bahis sitelerinden biridir. Yabanc\u0131 lisanslar\u0131 var ama \u00e7ok k\u00f6kl\u00fc bir kurumsal yap\u0131. Sundu\u011fu hizmet ve son derece kullan\u0131c\u0131 dostu olmas\u0131 bunun kan\u0131t\u0131d\u0131r. Yabanc\u0131 bir lisansa sahip olmak, \u00fclkemizde yasal olarak hizmet vermeyi sadece imkans\u0131z hale getirecektir. Bu sizi olumsuz etkilemeyecektir.<\/p>\n<p>\u00dclkemizde bahis siteleri ve canl\u0131 casino siteleri genellikle ayn\u0131 \u00e7at\u0131 alt\u0131nda hizmet vermektedir. Casino oyunlar\u0131 da olduk\u00e7a pop\u00fclerdir. Canl\u0131 casino sitelerinde herkesin zevkine uygun \u00e7e\u015fitli oyunlar bulunur. Betunlim, canl\u0131 casino oyunlar\u0131 oynayabilece\u011finiz etkili bir web sitesidir. Siteye \u00fcye olarak diledi\u011finiz casino oyunlar\u0131n\u0131 oynayabilir ve para kazanabilirsiniz. Bu site bu konuda \u00e7ok yard\u0131mc\u0131 oluyor. Bunun d\u0131\u015f\u0131nda bu sitede casino oyunlar\u0131na da yat\u0131r\u0131m yapman\u0131z gerekiyor. Yat\u0131r\u0131mlardan ve di\u011fer ko\u015fullardan elde etti\u011finiz bonus f\u0131rsatlar\u0131 casino oyunlar\u0131 i\u00e7in ge\u00e7erlidir. Yani bonuslar bu oyunlarda rahatl\u0131kla kullan\u0131labilir.<\/p>\n<h3>Betunlim Yasad\u0131\u015f\u0131 Bahis Sitesi<\/h3>\n<p>Yasad\u0131\u015f\u0131 Bahis Sitesi \u00fclkemizde uzun y\u0131llard\u0131r hizmet vermektedir. Bu sitelerin varl\u0131\u011f\u0131 oyun tutkunlar\u0131 i\u00e7in olduk\u00e7a \u00f6nemlidir. Bu kimileri i\u00e7in rahats\u0131z edici ve utanga\u00e7 olsa da, g\u00fcvenilir bir siteyi tercih ettiklerinde sorun ya\u015famad\u0131klar\u0131n\u0131 d\u00fc\u015f\u00fcn\u00fcrler. Betunlim \u00e7ok \u00f6nemli bir sitedir ve yasad\u0131\u015f\u0131 bir kumar sitesidir. Site g\u00fcvenilir ve kullan\u0131c\u0131s\u0131n\u0131 d\u00fc\u015f\u00fcnen bir yap\u0131ya sahip oldu\u011fu i\u00e7in herhangi bir sorun ya\u015fanmamaktad\u0131r.<\/p>\n<p>Betunlim \u00fclkemizde hizmet veren bahis siteleri aras\u0131nda en \u00f6nemli ve en \u00fcnl\u00fcs\u00fcd\u00fcr. Bir\u00e7ok kumar tutkunu, kumar ve kumarhane oyunlar\u0131n\u0131 rahat bir \u015fekilde oynamak i\u00e7in bu siteyi tercih etmektedir. Siteye \u00fcye oldu\u011funuz andan itibaren hem e\u011flenmeye hem de para kazanmaya ba\u015flayabilirsiniz. Bu, tasar\u0131m\u0131 ve kullan\u0131c\u0131 dostu ara y\u00fcz\u00fc ile \u00e7ok ilgin\u00e7 bir web sitesidir. Sitenin dilimizde rasyonelli\u011fi de kullan\u0131m\u0131n\u0131 kolayla\u015ft\u0131rmaktad\u0131r. \u00dclkemizde olduk\u00e7a \u00fcnl\u00fc olan bahis siteleri hakk\u0131nda sizlere daha fazla bilgi vermek istiyoruz.<\/p>\n<h3>Betunlim Yasal m\u0131<\/h3>\n<p>Betunlim Yasal m\u0131? Betunlim me\u015fru sitelerden biridir. Lisansl\u0131 olmas\u0131na ra\u011fmen T\u00fcrkiye&#8217;de yasaklanm\u0131\u015ft\u0131r. \u00dclkem deniza\u015f\u0131r\u0131 oyun sitelerinin kullan\u0131m\u0131n\u0131 yasakl\u0131yor. Bu nedenle, adres s\u00fcrekli de\u011fi\u015fiyor. Sitenin g\u00fcncel adresini kullanarak g\u00fcvenilir bir \u015fekilde bahis oynayabilirsiniz.<\/p>\n<p>Betunlim g\u00fcvenilir yap\u0131s\u0131 ile en \u00f6nemli adreslerden biridir. Son derece kolay kullan\u0131ml\u0131 yap\u0131s\u0131 ile t\u00fcm oyunlar\u0131n\u0131z\u0131 oynaman\u0131za olanak sa\u011flar. Bahis\u00e7ilerin bilgileriyle \u015feffaf hareket etmeleri de g\u00fcvenilirli\u011finin bir kan\u0131t\u0131d\u0131r.<\/p>\n<p>Betunlim sitesi en iyi bahis sitelerinden biridir. Uzun y\u0131llard\u0131r Avrupa&#8217;da hizmet veren bu web sitesinde ihtiyac\u0131n\u0131z olan her \u015feyi bulabilirsiniz. Avrupa&#8217;da \u00e7ok \u00f6nemli bir yerde bahis adresi olan bir ofis. \u015eirkete ait lisanslar ayr\u0131ca kullan\u0131c\u0131lara g\u00fcven verir. Betunlim \u015firketi ayr\u0131ca \u00f6deme beklentilerinizi de kar\u015f\u0131lar. Betunlim, T\u00fcrkiye&#8217;deki en pop\u00fcler bahis adreslerinden biridir ve para yat\u0131rma ve \u00e7ekme i\u00e7in en iyilerden biridir.<\/p>\n<p>Betunlim yeni giri\u015f adresi aktif faaliyetlerine devam ediyor. Hesap a\u00e7arken sizden istenen bilgilere net cevaplar vermelisiniz. Bonuslarla ilgili zengin se\u00e7eneklerden an\u0131nda yararlanabilirsiniz. Bahis \u015firketinin ilk adresinde istedi\u011finizi bulabilirsiniz. Adres de\u011fi\u015fiklikleri ile ilgili sorular\u0131n\u0131za cevap bulabilirsiniz. Betunlim, kullan\u0131c\u0131lar\u0131na adres de\u011fi\u015fikliklerini bildirir. Firman\u0131n giri\u015f adresi kapat\u0131ld\u0131\u011f\u0131nda yeni adres sorunsuz bir \u015fekilde kullan\u0131labilir.<\/p>\n<p>Betunlim Mobil Giri\u015fi ile her yerde bahis oynayabilirsiniz. Teknolojinin h\u0131z\u0131na ayak uydurmay\u0131 ba\u015faran site, her kullan\u0131c\u0131ya \u00f6zel se\u00e7enekler sunuyor. Oyunu sitede sorunsuz ve kaliteli bir \u015fekilde oynayabilirsiniz. G\u00fcn\u00fcn her saatinde mobil uygulama deste\u011fi alabilirsiniz. Betunlim firmas\u0131 kaliteli ekibiyle en s\u0131ra d\u0131\u015f\u0131 deste\u011fi sa\u011flamaya devam ediyor. Uygulamaya ios ve android platformlar\u0131ndan basit\u00e7e giri\u015f yapabilirsiniz. Betunlim mobil uygulamas\u0131 ma\u011fazay\u0131 kullanarak telefonunuza indirilebilir. Betunlim mobil adresinde birden fazla bahis oyunu bulunmaktad\u0131r. Site favorileri oynuyor;<\/p>\n<ul>\n<li>Futbol,<\/li>\n<li>Kumarhane oyunlar\u0131,<\/li>\n<li>At yar\u0131\u015f\u0131,<\/li>\n<li>Nba oyunlar\u0131,<\/li>\n<li>Sanal sporlar.<\/li>\n<\/ul>\n<p>Betunlim kullan\u0131c\u0131 incelemeleri bize site hakk\u0131nda gerekli detaylar\u0131 sa\u011flayabilir. Betunlim incelemelerine bakt\u0131\u011f\u0131m\u0131zda sitenin ne kadar iyi hizmet verdi\u011fini g\u00f6rebiliriz. Y\u00fcksek puan almak, bir web sitesini \u00f6ne \u00e7\u0131karan \u00f6zelliklerden biridir. \u0130nternet kullan\u0131c\u0131 incelemelerini inceleyen Betunlim, her zaman m\u00fcmk\u00fcn olan en iyi hizmeti sunmaya \u00e7al\u0131\u015fmaktad\u0131r. Betunlim adresi k\u0131sa s\u00fcrede T\u00fcrkiye&#8217;nin en iyi bahis adreslerinden biri haline geldi. T\u00fcrk\u00e7e dil se\u00e7ene\u011fi ile kupon olu\u015ftururken herhangi bir zorluk ya\u015famayacaks\u0131n\u0131z. \u015eirkete kaydolmak i\u00e7in bilgileri kontrol etmelisiniz. Yanl\u0131\u015f veya yanl\u0131\u015f bilgi veren kullan\u0131c\u0131lar\u0131n hesaplar\u0131 ask\u0131ya al\u0131nacakt\u0131r.<\/p>\n<h3>Betunlim Spor Bahisleri<\/h3>\n<p>Betunlim web sitesi \u00e7ok \u00e7e\u015fitli spor bahisleri ile sizi bekliyor. Spor bahisleri b\u00f6l\u00fcm\u00fcndeki kesintisiz oyun hizmeti Betunlim, birbirinden de\u011ferli oyunlar\u0131n\u0131 aya\u011f\u0131n\u0131za getiriyor. Betunlim en iyi bahis adreslerinden biridir. Sitede istedi\u011finiz kadar ma\u00e7 oynayabilirsiniz. Oyuncular\u0131na g\u00fcn i\u00e7erisinde bahis ve canl\u0131 bahis deste\u011fi sunmay\u0131 ba\u015faran Betunlim web sitesinde t\u00fcm alternatif oyunlara ula\u015fabilirsiniz.<\/p>\n<p>T\u00fcrk oyun sitelerinde oyun oynayabilmek i\u00e7in \u00fcye olman\u0131z gerekmektedir. Betunlim \u00fcyelik program\u0131nda zorluk \u00e7ekmezsiniz. Ki\u015fisel bilgilerinizi, ileti\u015fim bilgilerinizi ve hesap bilgilerinizi do\u011fru bir \u015fekilde doldurarak hesab\u0131n\u0131z\u0131 a\u00e7abilirsiniz. <a href=\"https:\/\/betunlim.info\/\"><strong>Betunlim giri\u015f<\/strong><\/a> web sitesinde \u00fcyelik olu\u015fturmak i\u00e7in gerekli bilgiler;<\/p>\n<ul>\n<li>Ad ve Soy ad,<\/li>\n<li>Tc Kimlik Numaras\u0131,<\/li>\n<li>Kullan\u0131c\u0131 Ad\u0131,<\/li>\n<li>\u015eifre,<\/li>\n<li>E-posta Adresi,<\/li>\n<li>Telefon Numaras\u0131,<\/li>\n<li>\u0130kamet etti\u011finiz \u00fclkeyi belirtmeniz gerekmektedir.<\/li>\n<\/ul>\n<h3>Betunlim Yeni Nesil Oyun<\/h3>\n<p>Betunlim yeni nesil oyun sitelerinden biridir. Diledi\u011finiz bahis oyunlar\u0131ndan diledi\u011finizi se\u00e7erek an\u0131nda kupon olu\u015fturabilirsiniz. Betunlim bahis sitesi ile b\u00fcy\u00fck kazan\u00e7lar d\u00fcnyas\u0131na kolayca girebilirsiniz. T\u00fcrkiye&#8217;de aktif olarak hizmet veren bu bahis sitesi beklentilerinizi fazlas\u0131yla kar\u015f\u0131lad\u0131. Mevcut adresinden hizmet veren Betunlim bir\u00e7ok se\u00e7ene\u011fi sizleri bekliyor. Son zamanlar\u0131n en \u00e7ok bilinen oyunlar\u0131 burada yay\u0131nlan\u0131yor.<\/p>\n<p>Betunlim, kuruldu\u011fu g\u00fcnden bu yana kaliteli oyunlarla tan\u0131nmaktad\u0131r. Oyun sekt\u00f6r\u00fcnde \u00f6nemi her ge\u00e7en g\u00fcn artan Betunlim, canl\u0131 bahis alan\u0131nda istedi\u011finizi sa\u011flayabilmektedir. Betunlim, T\u00fcrkiye&#8217;de bahis yaparken do\u011fdu ve sa\u011flam oyun se\u00e7enekleriyle sizleri bekliyor. Bu adres \u00fczerinden istedi\u011finiz oyuna an\u0131nda ula\u015fabilirsiniz. Neden<\/p>\n<h3>Betunlim G\u00fcncel Giri\u015f<\/h3>\n<p>Betunlim G\u00fcncel Giri\u015f, sorunsuz bir giri\u015f prosed\u00fcr\u00fc i\u00e7in her kullan\u0131c\u0131n\u0131n \u015fifresinin ki\u015fisel bir \u015fifre olmas\u0131n\u0131 ve son derece g\u00fcvenli olmas\u0131n\u0131 gerektirir. Giri\u015f yaparken \u015fifresini unutan kullan\u0131c\u0131lar, &#8220;\u015eifremi Unuttum&#8221; b\u00f6l\u00fcm\u00fcn\u00fc se\u00e7erek yeni \u015fifre belirleme i\u015flemini ger\u00e7ekle\u015ftirebilirler. Yeni bir \u015fifre belirlendi\u011finde, \u00fcyenin hesab\u0131nda yaz\u0131l\u0131 olan e-posta adresine \u015fifre g\u00fcncelleme URL&#8217;si g\u00f6nderilerek i\u015flem tamamlan\u0131r. Kim yeni bir \u015fifre belirlerse, sa\u011flam bir giri\u015f prosed\u00fcr\u00fc ger\u00e7ekle\u015ftirmeye devam edecektir.<\/p>\n<p>Betunlim \u00fcyeleri, mobil se\u00e7ene\u011fi kullanarak onlara istedikleri zaman eri\u015febilir. Betunlim, sorunsuz giri\u015fler i\u00e7in t\u00fcm mobil cihazlardan h\u0131zl\u0131 eri\u015fim i\u00e7in g\u00fcncellenmi\u015f adresler sa\u011flar. Mobil eri\u015fim ayr\u0131ca Betunlim \u00fcyelerine bilgisayarlar\u0131nda istedikleri oyunlar\u0131 oynama f\u0131rsat\u0131 verir.<\/p>\n<p>Kullan\u0131lan mobil cihazla uyumlu Betunlim mobil uygulamas\u0131, ana sayfadaki Google play ve App Store se\u00e7enekleri \u00fczerinden indirilebilir. Mobil program\u0131 indiren kullan\u0131c\u0131lar 7\/24 eri\u015fime sahiptir. Betunlim Sorunsuz Giri\u015f se\u00e7ene\u011fi olarak g\u00f6r\u00fcnt\u00fclenen mobil program, telefon ekran\u0131ndaki t\u00fcm i\u015flemleri yapabilmektedir. Hen\u00fcz \u00fcyelik hesab\u0131 olu\u015fturmam\u0131\u015f olan kullan\u0131c\u0131lar, mobil uygulama \u00fczerinden de \u00fcyelik olu\u015fturabilirler.<\/p>\n<p>Betunlim eri\u015filebilirlik f\u0131rsatlar\u0131ndan yararlanmak isteyenler, ak\u0131ll\u0131 telefon veya tablette internet taray\u0131c\u0131s\u0131n\u0131n adres b\u00f6l\u00fcm\u00fcne yeni bir giri\u015f adresi girerek yeni bir giri\u015f adresi girebilirler. Uygulamay\u0131 mobil cihaza indirmeden web sitelerini mobil uyumlu bir \u015fekilde a\u00e7\u0131n. Betunlim, T\u00fcrkiye&#8217;deki kullan\u0131c\u0131lara daha sorunsuz giri\u015f bildirimleri g\u00f6nderir.<\/p>\n<p>T\u00fcrkiye d\u0131\u015f\u0131ndaki \u00e7o\u011fu \u00fclkede giri\u015f adresi sorun de\u011fil, orijinal giri\u015f adresi hizmetini kullanmaya devam edin. T\u00fcrkiye&#8217;de s\u0131k adres de\u011fi\u015fiklikleri, baz\u0131 kullan\u0131c\u0131lar\u0131n VPN programlar\u0131nda yabanc\u0131 IP adresleri kullanmas\u0131na izin veriyor. Bu ziyaretler g\u00fcvenilir de\u011fildir ve sorunsuz eri\u015fim sa\u011flamak i\u00e7in g\u00fcncel olmal\u0131d\u0131r.<\/p>\n","protected":false},"excerpt":{"rendered":"<p>Betunlim Giri\u015f Betunlim Giri\u015f sitelerinde \u00e7ok fazla dikkat edilmese Betunlim Giri\u015f de lisans konusu olduk\u00e7a \u00f6nemlidir. Favori bahis sitenizin kesinlikle bir lisans\u0131 olmal\u0131d\u0131r. Betunlim lisansl\u0131 bahis sitelerinden biridir. Yabanc\u0131 lisanslar\u0131 var ama \u00e7ok k\u00f6kl\u00fc bir kurumsal yap\u0131. Sundu\u011fu hizmet ve son derece kullan\u0131c\u0131 dostu olmas\u0131 bunun kan\u0131t\u0131d\u0131r. Yabanc\u0131 bir lisansa sahip olmak, \u00fclkemizde yasal olarak &#8230; <a title=\"Betunlim Giri\u015f\" class=\"read-more\" href=\"https:\/\/betunlim.info\/index.php\/betunlim-giris\/\" aria-label=\"More on Betunlim Giri\u015f\">Devam\u0131n\u0131 oku&#8230;<\/a><\/p>\n","protected":false},"author":2,"featured_media":0,"parent":0,"menu_order":0,"comment_status":"closed","ping_status":"closed","template":"","meta":{"footnotes":""},"class_list":["post-16","page","type-page","status-publish"],"yoast_head":"<!-- This site is optimized with the Yoast SEO plugin v27.6 - https:\/\/yoast.com\/product\/yoast-seo-wordpress\/ -->\n<title>Betunlim Giri\u015f - Betunlim Giri\u015f Adresi<\/title>\n<meta name=\"description\" content=\"Betunlim Giri\u015f sitelerinde \u00e7ok fazla dikkat edilmese Betunlim Giri\u015f de lisans konusu olduk\u00e7a \u00f6nemlidir. Favori bah\" \/>\n<meta name=\"robots\" content=\"index, follow, max-snippet:-1, max-image-preview:large, max-video-preview:-1\" \/>\n<link rel=\"canonical\" href=\"https:\/\/betunlim.info\/index.php\/betunlim-giris\/\" \/>\n<meta property=\"og:locale\" content=\"tr_TR\" \/>\n<meta property=\"og:type\" content=\"article\" \/>\n<meta property=\"og:title\" content=\"Betunlim Giri\u015f - Betunlim Giri\u015f Adresi\" \/>\n<meta property=\"og:description\" content=\"Betunlim Giri\u015f sitelerinde \u00e7ok fazla dikkat edilmese Betunlim Giri\u015f de lisans konusu olduk\u00e7a \u00f6nemlidir. Favori bah\" \/>\n<meta property=\"og:url\" content=\"https:\/\/betunlim.info\/index.php\/betunlim-giris\/\" \/>\n<meta property=\"og:site_name\" content=\"Betunlim Giri\u015f Adresi\" \/>\n<meta name=\"twitter:card\" content=\"summary_large_image\" \/>\n<meta name=\"twitter:label1\" content=\"Tahmini okuma s\u00fcresi\" \/>\n\t<meta name=\"twitter:data1\" content=\"7 dakika\" \/>\n<script type=\"application\/ld+json\" class=\"yoast-schema-graph\">{\"@context\":\"https:\\\/\\\/schema.org\",\"@graph\":[{\"@type\":\"WebPage\",\"@id\":\"https:\\\/\\\/betunlim.info\\\/index.php\\\/betunlim-giris\\\/\",\"url\":\"https:\\\/\\\/betunlim.info\\\/index.php\\\/betunlim-giris\\\/\",\"name\":\"Betunlim Giri\u015f - Betunlim Giri\u015f Adresi\",\"isPartOf\":{\"@id\":\"https:\\\/\\\/betunlim.info\\\/#website\"},\"datePublished\":\"2022-08-04T08:53:07+00:00\",\"description\":\"Betunlim Giri\u015f sitelerinde \u00e7ok fazla dikkat edilmese Betunlim Giri\u015f de lisans konusu olduk\u00e7a \u00f6nemlidir. Favori bah\",\"breadcrumb\":{\"@id\":\"https:\\\/\\\/betunlim.info\\\/index.php\\\/betunlim-giris\\\/#breadcrumb\"},\"inLanguage\":\"tr\",\"potentialAction\":[{\"@type\":\"ReadAction\",\"target\":[\"https:\\\/\\\/betunlim.info\\\/index.php\\\/betunlim-giris\\\/\"]}]},{\"@type\":\"BreadcrumbList\",\"@id\":\"https:\\\/\\\/betunlim.info\\\/index.php\\\/betunlim-giris\\\/#breadcrumb\",\"itemListElement\":[{\"@type\":\"ListItem\",\"position\":1,\"name\":\"Anasayfa\",\"item\":\"https:\\\/\\\/betunlim.info\\\/\"},{\"@type\":\"ListItem\",\"position\":2,\"name\":\"Betunlim Giri\u015f\"}]},{\"@type\":\"WebSite\",\"@id\":\"https:\\\/\\\/betunlim.info\\\/#website\",\"url\":\"https:\\\/\\\/betunlim.info\\\/\",\"name\":\"Betunlim Giri\u015f Adresi\",\"description\":\"Betunlim Giri\u015f Adresi Bilgileri\",\"publisher\":{\"@id\":\"https:\\\/\\\/betunlim.info\\\/#\\\/schema\\\/person\\\/4cde862ce38548e7cd58942b5c7c871f\"},\"potentialAction\":[{\"@type\":\"SearchAction\",\"target\":{\"@type\":\"EntryPoint\",\"urlTemplate\":\"https:\\\/\\\/betunlim.info\\\/?s={search_term_string}\"},\"query-input\":{\"@type\":\"PropertyValueSpecification\",\"valueRequired\":true,\"valueName\":\"search_term_string\"}}],\"inLanguage\":\"tr\"},{\"@type\":[\"Person\",\"Organization\"],\"@id\":\"https:\\\/\\\/betunlim.info\\\/#\\\/schema\\\/person\\\/4cde862ce38548e7cd58942b5c7c871f\",\"name\":\"betunlim\",\"image\":{\"@type\":\"ImageObject\",\"inLanguage\":\"tr\",\"@id\":\"https:\\\/\\\/betunlim.info\\\/wp-content\\\/uploads\\\/2022\\\/08\\\/cropped-Betunlim.jpg\",\"url\":\"https:\\\/\\\/betunlim.info\\\/wp-content\\\/uploads\\\/2022\\\/08\\\/cropped-Betunlim.jpg\",\"contentUrl\":\"https:\\\/\\\/betunlim.info\\\/wp-content\\\/uploads\\\/2022\\\/08\\\/cropped-Betunlim.jpg\",\"width\":154,\"height\":56,\"caption\":\"betunlim\"},\"logo\":{\"@id\":\"https:\\\/\\\/betunlim.info\\\/wp-content\\\/uploads\\\/2022\\\/08\\\/cropped-Betunlim.jpg\"}}]}<\/script>\n<!-- \/ Yoast SEO plugin. -->","yoast_head_json":{"title":"Betunlim Giri\u015f - Betunlim Giri\u015f Adresi","description":"Betunlim Giri\u015f sitelerinde \u00e7ok fazla dikkat edilmese Betunlim Giri\u015f de lisans konusu olduk\u00e7a \u00f6nemlidir. Favori bah","robots":{"index":"index","follow":"follow","max-snippet":"max-snippet:-1","max-image-preview":"max-image-preview:large","max-video-preview":"max-video-preview:-1"},"canonical":"https:\/\/betunlim.info\/index.php\/betunlim-giris\/","og_locale":"tr_TR","og_type":"article","og_title":"Betunlim Giri\u015f - Betunlim Giri\u015f Adresi","og_description":"Betunlim Giri\u015f sitelerinde \u00e7ok fazla dikkat edilmese Betunlim Giri\u015f de lisans konusu olduk\u00e7a \u00f6nemlidir. Favori bah","og_url":"https:\/\/betunlim.info\/index.php\/betunlim-giris\/","og_site_name":"Betunlim Giri\u015f Adresi","twitter_card":"summary_large_image","twitter_misc":{"Tahmini okuma s\u00fcresi":"7 dakika"},"schema":{"@context":"https:\/\/schema.org","@graph":[{"@type":"WebPage","@id":"https:\/\/betunlim.info\/index.php\/betunlim-giris\/","url":"https:\/\/betunlim.info\/index.php\/betunlim-giris\/","name":"Betunlim Giri\u015f - Betunlim Giri\u015f Adresi","isPartOf":{"@id":"https:\/\/betunlim.info\/#website"},"datePublished":"2022-08-04T08:53:07+00:00","description":"Betunlim Giri\u015f sitelerinde \u00e7ok fazla dikkat edilmese Betunlim Giri\u015f de lisans konusu olduk\u00e7a \u00f6nemlidir. Favori bah","breadcrumb":{"@id":"https:\/\/betunlim.info\/index.php\/betunlim-giris\/#breadcrumb"},"inLanguage":"tr","potentialAction":[{"@type":"ReadAction","target":["https:\/\/betunlim.info\/index.php\/betunlim-giris\/"]}]},{"@type":"BreadcrumbList","@id":"https:\/\/betunlim.info\/index.php\/betunlim-giris\/#breadcrumb","itemListElement":[{"@type":"ListItem","position":1,"name":"Anasayfa","item":"https:\/\/betunlim.info\/"},{"@type":"ListItem","position":2,"name":"Betunlim Giri\u015f"}]},{"@type":"WebSite","@id":"https:\/\/betunlim.info\/#website","url":"https:\/\/betunlim.info\/","name":"Betunlim Giri\u015f Adresi","description":"Betunlim Giri\u015f Adresi Bilgileri","publisher":{"@id":"https:\/\/betunlim.info\/#\/schema\/person\/4cde862ce38548e7cd58942b5c7c871f"},"potentialAction":[{"@type":"SearchAction","target":{"@type":"EntryPoint","urlTemplate":"https:\/\/betunlim.info\/?s={search_term_string}"},"query-input":{"@type":"PropertyValueSpecification","valueRequired":true,"valueName":"search_term_string"}}],"inLanguage":"tr"},{"@type":["Person","Organization"],"@id":"https:\/\/betunlim.info\/#\/schema\/person\/4cde862ce38548e7cd58942b5c7c871f","name":"betunlim","image":{"@type":"ImageObject","inLanguage":"tr","@id":"https:\/\/betunlim.info\/wp-content\/uploads\/2022\/08\/cropped-Betunlim.jpg","url":"https:\/\/betunlim.info\/wp-content\/uploads\/2022\/08\/cropped-Betunlim.jpg","contentUrl":"https:\/\/betunlim.info\/wp-content\/uploads\/2022\/08\/cropped-Betunlim.jpg","width":154,"height":56,"caption":"betunlim"},"logo":{"@id":"https:\/\/betunlim.info\/wp-content\/uploads\/2022\/08\/cropped-Betunlim.jpg"}}]}},"amp_enabled":true,"_links":{"self":[{"href":"https:\/\/betunlim.info\/index.php\/wp-json\/wp\/v2\/pages\/16","targetHints":{"allow":["GET"]}}],"collection":[{"href":"https:\/\/betunlim.info\/index.php\/wp-json\/wp\/v2\/pages"}],"about":[{"href":"https:\/\/betunlim.info\/index.php\/wp-json\/wp\/v2\/types\/page"}],"author":[{"embeddable":true,"href":"https:\/\/betunlim.info\/index.php\/wp-json\/wp\/v2\/users\/2"}],"replies":[{"embeddable":true,"href":"https:\/\/betunlim.info\/index.php\/wp-json\/wp\/v2\/comments?post=16"}],"version-history":[{"count":0,"href":"https:\/\/betunlim.info\/index.php\/wp-json\/wp\/v2\/pages\/16\/revisions"}],"wp:attachment":[{"href":"https:\/\/betunlim.info\/index.php\/wp-json\/wp\/v2\/media?parent=16"}],"curies":[{"name":"wp","href":"https:\/\/api.w.org\/{rel}","templated":true}]}}